{"id":827,"date":"2024-10-03T21:28:52","date_gmt":"2024-10-03T19:28:52","guid":{"rendered":"https:\/\/www.lotusherbalheadspads.sk\/produkt\/ajandekutalvany-voucher\/"},"modified":"2026-03-08T08:29:53","modified_gmt":"2026-03-08T06:29:53","slug":"ajandekutalvany-voucher","status":"publish","type":"product","link":"https:\/\/www.lotusherbalheadspads.sk\/hu\/produkt\/ajandekutalvany-voucher\/","title":{"rendered":"Aj\u00e1nd\u00e9kutalv\u00e1ny \/ voucher"},"content":{"rendered":"<p>Premium Head Spa &#8211; 65\u20ac<\/p>\n<p>Couple Head Spa (2 f\u0151 sz\u00e1m\u00e1ra) &#8211; 97\u20ac<\/p>\n<p>Foot Spa &#8211; 35\u20ac<\/p>\n<p>Couple Foot Spa (pre 2 osoby) &#8211; 60\u20ac<\/p>\n<p>Express Head Spa &#8211; 38\u20ac<\/p>\n<p>Couple Express Head Spa (2 f\u0151 sz\u00e1m\u00e1ra) &#8211; 60\u20ac<\/p>\n<p>Head Spa for Men &#8211; 65\u20ac<\/p>\n","protected":false},"excerpt":{"rendered":"<p><strong>V\u00e1lasszon a kezel\u00e9s \u00e9rt\u00e9k\u00e9nek megfelel\u0151 \u00e9rt\u00e9k\u0171 utalv\u00e1nyt, \u00e9s aj\u00e1nd\u00e9kozzon egy felejthetetlen \u00e9lm\u00e9nyt.<\/strong><\/p>\n<p><span style=\"color: #ff0000;\"><strong>A kezel\u00e9s id\u0151pontj\u00e1t a megaj\u00e1nd\u00e9kozott szem\u00e9ly foglalja le, legk\u00e9s\u0151bb a voucher v\u00e1s\u00e1rl\u00e1s\u00e1nak napj\u00e1t\u00f3l sz\u00e1m\u00edtott 365 napon bel\u00fcl.<\/strong><\/span><\/p>\n","protected":false},"featured_media":539,"template":"","meta":{"site-sidebar-layout":"default","site-content-layout":"","ast-site-content-layout":"default","site-content-style":"default","site-sidebar-style":"default","ast-global-header-display":"","ast-banner-title-visibility":"","ast-main-header-display":"","ast-hfb-above-header-display":"","ast-hfb-below-header-display":"","ast-hfb-mobile-header-display":"","site-post-title":"","ast-breadcrumbs-content":"","ast-featured-img":"","footer-sml-layout":"","theme-transparent-header-meta":"default","adv-header-id-meta":"","stick-header-meta":"","header-above-stick-meta":"","header-main-stick-meta":"","header-below-stick-meta":"","astra-migrate-meta-layouts":"set","ast-page-background-enabled":"default","ast-page-background-meta":{"desktop":{"background-color":"var(--ast-global-color-4)","background-image":"","background-repeat":"repeat","background-position":"center center","background-size":"auto","background-attachment":"scroll","background-type":"","background-media":"","overlay-type":"","overlay-color":"","overlay-opacity":"","overlay-gradient":""},"tablet":{"background-color":"","background-image":"","background-repeat":"repeat","background-position":"center center","background-size":"auto","background-attachment":"scroll","background-type":"","background-media":"","overlay-type":"","overlay-color":"","overlay-opacity":"","overlay-gradient":""},"mobile":{"background-color":"","background-image":"","background-repeat":"repeat","background-position":"center center","background-size":"auto","background-attachment":"scroll","background-type":"","background-media":"","overlay-type":"","overlay-color":"","overlay-opacity":"","overlay-gradient":""}},"ast-content-background-meta":{"desktop":{"background-color":"var(--ast-global-color-5)","background-image":"","background-repeat":"repeat","background-position":"center center","background-size":"auto","background-attachment":"scroll","background-type":"","background-media":"","overlay-type":"","overlay-color":"","overlay-opacity":"","overlay-gradient":""},"tablet":{"background-color":"var(--ast-global-color-5)","background-image":"","background-repeat":"repeat","background-position":"center center","background-size":"auto","background-attachment":"scroll","background-type":"","background-media":"","overlay-type":"","overlay-color":"","overlay-opacity":"","overlay-gradient":""},"mobile":{"background-color":"var(--ast-global-color-5)","background-image":"","background-repeat":"repeat","background-position":"center center","background-size":"auto","background-attachment":"scroll","background-type":"","background-media":"","overlay-type":"","overlay-color":"","overlay-opacity":"","overlay-gradient":""}}},"product_brand":[],"product_cat":[44],"product_tag":[47,46,49,45,48],"class_list":{"0":"post-827","1":"product","2":"type-product","3":"status-publish","4":"has-post-thumbnail","6":"product_cat-ajandekutalvanyok","7":"product_tag-ajandek","8":"product_tag-ajandekutalvany","9":"product_tag-utalvany-hu","10":"product_tag-utalvany","11":"product_tag-voucher-hu","12":"desktop-align-center","13":"tablet-align-left","14":"mobile-align-left","15":"ast-product-gallery-layout-horizontal-slider","16":"ast-product-single-variable","17":"ast-product-tabs-layout-horizontal","19":"first","20":"instock","21":"sold-individually","22":"taxable","23":"shipping-taxable","24":"purchasable","25":"product-type-variable"},"_links":{"self":[{"href":"https:\/\/www.lotusherbalheadspads.sk\/hu\/wp-json\/wp\/v2\/product\/827","targetHints":{"allow":["GET"]}}],"collection":[{"href":"https:\/\/www.lotusherbalheadspads.sk\/hu\/wp-json\/wp\/v2\/product"}],"about":[{"href":"https:\/\/www.lotusherbalheadspads.sk\/hu\/wp-json\/wp\/v2\/types\/product"}],"wp:featuredmedia":[{"embeddable":true,"href":"https:\/\/www.lotusherbalheadspads.sk\/hu\/wp-json\/wp\/v2\/media\/539"}],"wp:attachment":[{"href":"https:\/\/www.lotusherbalheadspads.sk\/hu\/wp-json\/wp\/v2\/media?parent=827"}],"wp:term":[{"taxonomy":"product_brand","embeddable":true,"href":"https:\/\/www.lotusherbalheadspads.sk\/hu\/wp-json\/wp\/v2\/product_brand?post=827"},{"taxonomy":"product_cat","embeddable":true,"href":"https:\/\/www.lotusherbalheadspads.sk\/hu\/wp-json\/wp\/v2\/product_cat?post=827"},{"taxonomy":"product_tag","embeddable":true,"href":"https:\/\/www.lotusherbalheadspads.sk\/hu\/wp-json\/wp\/v2\/product_tag?post=827"}],"curies":[{"name":"wp","href":"https:\/\/api.w.org\/{rel}","templated":true}]}}